{"id":14941,"date":"2020-02-15T16:07:59","date_gmt":"2020-02-15T16:07:59","guid":{"rendered":"http:\/\/leiklist.websitetest.site\/my-account\/"},"modified":"2023-11-06T09:57:25","modified_gmt":"2023-11-06T09:57:25","slug":"my-account","status":"publish","type":"page","link":"https:\/\/bil.webdev.is\/en\/my-account\/","title":{"rendered":"M\u00ednar uppl\u00fdsingar"},"content":{"rendered":"<p><span class=\"wppb-frontend-restriction-message wppb-content-restriction-message\">\u00de\u00fa hefur ekki leyfi til a\u00f0 sko\u00f0a \u00feessa s\u00ed\u00f0u.<\/span><\/p>","protected":false},"excerpt":{"rendered":"<p>\u00de\u00fa hefur ekki leyfi til a\u00f0 sko\u00f0a \u00feessa s\u00ed\u00f0u.<\/p>","protected":false},"author":3,"featured_media":0,"parent":0,"menu_order":0,"comment_status":"closed","ping_status":"closed","template":"","meta":{"footnotes":""},"class_list":["post-14941","page","type-page","status-publish","hentry"],"_links":{"self":[{"href":"https:\/\/bil.webdev.is\/en\/wp-json\/wp\/v2\/pages\/14941","targetHints":{"allow":["GET"]}}],"collection":[{"href":"https:\/\/bil.webdev.is\/en\/wp-json\/wp\/v2\/pages"}],"about":[{"href":"https:\/\/bil.webdev.is\/en\/wp-json\/wp\/v2\/types\/page"}],"author":[{"embeddable":true,"href":"https:\/\/bil.webdev.is\/en\/wp-json\/wp\/v2\/users\/3"}],"replies":[{"embeddable":true,"href":"https:\/\/bil.webdev.is\/en\/wp-json\/wp\/v2\/comments?post=14941"}],"version-history":[{"count":0,"href":"https:\/\/bil.webdev.is\/en\/wp-json\/wp\/v2\/pages\/14941\/revisions"}],"wp:attachment":[{"href":"https:\/\/bil.webdev.is\/en\/wp-json\/wp\/v2\/media?parent=14941"}],"curies":[{"name":"wp","href":"https:\/\/api.w.org\/{rel}","templated":true}]}}