{"id":14995,"date":"2020-02-15T17:44:51","date_gmt":"2020-02-15T17:44:51","guid":{"rendered":"http:\/\/leiklist.websitetest.site\/?page_id=14995"},"modified":"2026-04-30T12:19:18","modified_gmt":"2026-04-30T12:19:18","slug":"adalfundargerdir","status":"publish","type":"page","link":"https:\/\/bil.webdev.is\/en\/adalfundargerdir\/","title":{"rendered":"A\u00f0alfundarger\u00f0ir"},"content":{"rendered":"<ul class=\"lcp_catlist\" id=\"lcp_instance_0\"><li><a href=\"https:\/\/bil.webdev.is\/en\/fundargerd-adalfundar-ad-vatnsholti-3-mai-2025\/\">Fundarger\u00f0 a\u00f0alfundar a\u00f0 Vatnsholti 3. ma\u00ed 2025<\/a><\/li><li><a href=\"https:\/\/bil.webdev.is\/en\/fundargerd-adalfundar-ad-thorisstodum-5-mai-2024\/\">Fundarger\u00f0 a\u00f0alfundar a\u00f0 \u00de\u00f3risst\u00f6\u00f0um 5. ma\u00ed 2024<\/a><\/li><li><a href=\"https:\/\/bil.webdev.is\/en\/fundargerd-adalfundar-i-neskaupstad-6-mai-2023\/\">Fundarger\u00f0 a\u00f0alfundar \u00ed Neskaupsta\u00f0 6. ma\u00ed 2023<\/a><\/li><li><a href=\"https:\/\/bil.webdev.is\/en\/fundargerd-framhaldsadalfundar-reykjavik-17-sept-2022\/\">Fundarger\u00f0 framhaldsa\u00f0alfundar Reykjav\u00edk 17. sept. 2022<\/a><\/li><li><a href=\"https:\/\/bil.webdev.is\/en\/adalfundargerd-2022\/\">Fundarger\u00f0 a\u00f0alfundar \u00ed Reykjanesb\u00e6 30. apr\u00edl 2022<\/a><\/li><li><a href=\"https:\/\/bil.webdev.is\/en\/fundargerd-adalfundar-1-mai-2021-i-reykjanesbae\/\">Fundarger\u00f0 a\u00f0alfundar 1. ma\u00ed 2021 \u00ed Reykjanesb\u00e6<\/a><\/li><li><a href=\"https:\/\/bil.webdev.is\/en\/fundargerd-adalfundar-i-kopavogi-19-september-2020\/\">Fundarger\u00f0 a\u00f0alfundar \u00ed K\u00f3pavogi 19. september 2020<\/a><\/li><li><a href=\"https:\/\/bil.webdev.is\/en\/adalfundur-a-husavik-4-mai-2019\/\">A\u00f0alfundur \u00e1 H\u00fasav\u00edk 4. ma\u00ed 2019<\/a><\/li><li><a href=\"https:\/\/bil.webdev.is\/en\/adalfundur-i-logalandi-5-6-mai-2018\/\">A\u00f0alfundur \u00ed Logalandi 5.-6. ma\u00ed 2018<\/a><\/li><li><a href=\"https:\/\/bil.webdev.is\/en\/fundargerd-adalfundar-6-mai-2017\/\">Fundarger\u00f0 a\u00f0alfundar 6. ma\u00ed 2017 \u00ed \u00d6lfusi<\/a><\/li><li><a href=\"https:\/\/bil.webdev.is\/en\/fundargerd-adalfundar-7-mai-2016\/\">Fundarger\u00f0 a\u00f0alfundar 7. ma\u00ed 2016 \u00e1 Sey\u00f0isfir\u00f0i<\/a><\/li><li><a href=\"https:\/\/bil.webdev.is\/en\/fundargerd-adalfundar-2-mai-2015\/\">Fundarger\u00f0 a\u00f0alfundar 2. ma\u00ed 2015 \u00ed H\u00f6rg\u00e1rdal<\/a><\/li><li><a href=\"https:\/\/bil.webdev.is\/en\/aealfundur-bandalags-islenskra-leikfelaga-3-mai-2014\/\">Fundarger\u00f0 a\u00f0alfundar 3. ma\u00ed 2014 \u00ed Vestmannaeyjum<\/a><\/li><li><a href=\"https:\/\/bil.webdev.is\/en\/aealfundur-bandalags-islenskra-leikfelaga-4-mai-2013\/\">Fundarger\u00f0 a\u00f0alfundar 4. ma\u00ed 2013 \u00ed Logalandi<\/a><\/li><li><a href=\"https:\/\/bil.webdev.is\/en\/aealfundur-bandalags-islenskra-leikfelaga-5-6-mai-2012\/\">A\u00f0alfundur Bandalags \u00edslenskra leikf\u00e9laga 5.-6. ma\u00ed 2012 \u00e1 \u00cdsafir\u00f0i<\/a><\/li><li><a href=\"https:\/\/bil.webdev.is\/en\/aealfundur-bandalags-islenskra-leikfelaga-30-april-2011\/\">A\u00f0alfundur Bandalags \u00edslenskra leikf\u00e9laga 30. apr\u00edl 2011 \u00ed Mosfellsb\u00e6<\/a><\/li><li><a href=\"https:\/\/bil.webdev.is\/en\/aealfundur-bandalags-islenskra-leikfelaga-1-2-mai-2010\/\">A\u00f0alfundur Bandalags \u00edslenskra leikf\u00e9laga 1.-2. ma\u00ed 2010 \u00ed Eyjafir\u00f0i<\/a><\/li><li><a href=\"https:\/\/bil.webdev.is\/en\/aundur-bandalags-enskra-leikfga-3-4-ma008\/\">A\u00f0alfundur Bandalags \u00edslenskra leikf\u00e9laga 3.-4. ma\u00ed 2008 \u00ed Skagafir\u00f0i<\/a><\/li><li><a href=\"https:\/\/bil.webdev.is\/en\/aundur-bandalags-enskra-leikfga-5-og-6-ma007\/\">A\u00f0alfundur Bandalags \u00edslenskra leikf\u00e9laga 5. og 6. ma\u00ed 2007 \u00e1 Hallormssta\u00f0<\/a><\/li><\/ul>","protected":false},"excerpt":{"rendered":"","protected":false},"author":3,"featured_media":0,"parent":0,"menu_order":0,"comment_status":"closed","ping_status":"closed","template":"","meta":{"footnotes":""},"class_list":["post-14995","page","type-page","status-publish","hentry"],"_links":{"self":[{"href":"https:\/\/bil.webdev.is\/en\/wp-json\/wp\/v2\/pages\/14995","targetHints":{"allow":["GET"]}}],"collection":[{"href":"https:\/\/bil.webdev.is\/en\/wp-json\/wp\/v2\/pages"}],"about":[{"href":"https:\/\/bil.webdev.is\/en\/wp-json\/wp\/v2\/types\/page"}],"author":[{"embeddable":true,"href":"https:\/\/bil.webdev.is\/en\/wp-json\/wp\/v2\/users\/3"}],"replies":[{"embeddable":true,"href":"https:\/\/bil.webdev.is\/en\/wp-json\/wp\/v2\/comments?post=14995"}],"version-history":[{"count":2,"href":"https:\/\/bil.webdev.is\/en\/wp-json\/wp\/v2\/pages\/14995\/revisions"}],"predecessor-version":[{"id":42851,"href":"https:\/\/bil.webdev.is\/en\/wp-json\/wp\/v2\/pages\/14995\/revisions\/42851"}],"wp:attachment":[{"href":"https:\/\/bil.webdev.is\/en\/wp-json\/wp\/v2\/media?parent=14995"}],"curies":[{"name":"wp","href":"https:\/\/api.w.org\/{rel}","templated":true}]}}