{"id":14999,"date":"2020-02-15T17:48:41","date_gmt":"2020-02-15T17:48:41","guid":{"rendered":"http:\/\/leiklist.websitetest.site\/?page_id=14999"},"modified":"2020-02-15T17:48:44","modified_gmt":"2020-02-15T17:48:44","slug":"skyrslur-nefnda","status":"publish","type":"page","link":"https:\/\/bil.webdev.is\/en\/skyrslur-nefnda\/","title":{"rendered":"Sk\u00fdrslur nefnda"},"content":{"rendered":"<p>[et_pb_section fb_built=&#8220;1&#8243; _builder_version=&#8220;4.3.2&#8243;][et_pb_row _builder_version=&#8220;4.3.2&#8243;][et_pb_column type=&#8220;4_4&#8243; _builder_version=&#8220;4.3.2&#8243;][et_pb_code _builder_version=&#8220;4.3.2&#8243; hover_enabled=&#8220;0&#8243;]<ul class=\"lcp_catlist\" id=\"lcp_instance_0\"><li><a href=\"https:\/\/bil.webdev.is\/en\/addamsfjolskyldan-hja-leikflokknum\/\">Addamsfj\u00f6lskyldan hj\u00e1 Leikflokknum<\/a><\/li><li><a href=\"https:\/\/bil.webdev.is\/en\/althjodaleikhusdagurinn-27-mars-kvedja-fra-bil-og-neata\/\">Al\u00fej\u00f3\u00f0aleikh\u00fasdagurinn 27. mars &#8211; Kve\u00f0ja fr\u00e1 B\u00cdL og NEATA<\/a><\/li><li><a href=\"https:\/\/bil.webdev.is\/en\/vifid-i-fjallabyggd\/\">V\u00edfi\u00f0 \u00ed Fjallabygg\u00f0<\/a><\/li><li><a href=\"https:\/\/bil.webdev.is\/en\/feedback-as-dialogue-in-amateur-theatre\/\">Feedback as Dialogue in Amateur Theatre<\/a><\/li><li><a href=\"https:\/\/bil.webdev.is\/en\/fjollin-vakna-hja-hugleik\/\">Fj\u00f6llin vakna hj\u00e1 Hugleik<\/a><\/li><li><a href=\"https:\/\/bil.webdev.is\/en\/skilabodaskjodan-a-selfossi\/\">Skilabo\u00f0askj\u00f3\u00f0an \u00e1 Selfossi<\/a><\/li><li><a href=\"https:\/\/bil.webdev.is\/en\/sidasta-partyid-i-kopavogi\/\">S\u00ed\u00f0asta part\u00fdi\u00f0 \u00ed K\u00f3pavogi<\/a><\/li><li><a href=\"https:\/\/bil.webdev.is\/en\/rocky-horror-a-husavik\/\">Rocky Horror \u00e1 H\u00fasav\u00edk<\/a><\/li><li><a href=\"https:\/\/bil.webdev.is\/en\/heilsugaeslan-hapolitiskur-gamanleikur\/\">Heilsug\u00e6slan h\u00e1p\u00f3lit\u00edskur gamanleikur\u00a0<\/a><\/li><li><a href=\"https:\/\/bil.webdev.is\/en\/ahugaleikhusin-eru-alvoru-fjarsjodur\/\">\u00c1hugaleikh\u00fasin eru alv\u00f6ru fj\u00e1rsj\u00f3\u00f0ur<\/a><\/li><li><a href=\"https:\/\/bil.webdev.is\/en\/gledilega-hatid-frumsynt-a-hofn\/\">Gle\u00f0ilega h\u00e1t\u00ed\u00f0! frums\u00fdnt \u00e1 H\u00f6fn<\/a><\/li><li><a href=\"https:\/\/bil.webdev.is\/en\/aevintyrabokin-mikil-gledi-gott-i-hjartad-og-bradfyndid\/\">\u00c6vint\u00fdrab\u00f3kin \u2013 mikil gle\u00f0i, gott \u00ed hjarta\u00f0 og br\u00e1\u00f0fyndi\u00f0.<\/a><\/li><li><a href=\"https:\/\/bil.webdev.is\/en\/leiklistarskoli-bil-2026-skraning-hefst-1-mars\/\">Leiklistarsk\u00f3li B\u00cdL 2026 &#8211; skr\u00e1ning hefst 1. mars<\/a><\/li><li><a href=\"https:\/\/bil.webdev.is\/en\/hlatur-gledi-og-tempo\/\">Hl\u00e1tur, gle\u00f0i og temp\u00f3<\/a><\/li><li><a href=\"https:\/\/bil.webdev.is\/en\/post-3\/\">Post-3<\/a><\/li><li><a href=\"https:\/\/bil.webdev.is\/en\/post-2\/\">Post-2<\/a><\/li><li><a href=\"https:\/\/bil.webdev.is\/en\/test-1\/\">test-1<\/a><\/li><li><a href=\"https:\/\/bil.webdev.is\/en\/bandalagsthing-2026-dagskra\/\">Bandalags\u00feing 2026 &#8211; Dagskr\u00e1<\/a><\/li><li><a href=\"https:\/\/bil.webdev.is\/en\/stuttverkahatid-2026\/\">Stuttverkah\u00e1t\u00ed\u00f0 2026<\/a><\/li><li><a href=\"https:\/\/bil.webdev.is\/en\/skraning-a-bil-thing-2026\/\">Skr\u00e1ning \u00e1 B\u00cdL-\u00feing 2026<\/a><\/li><li><a href=\"https:\/\/bil.webdev.is\/en\/aaa-2026-valnefnd\/\">A\u00c1\u00c1 2026 &#8211; Valnefnd<\/a><\/li><\/ul>[\/et_pb_code][\/et_pb_column][\/et_pb_row][\/et_pb_section]<\/p>\n","protected":false},"excerpt":{"rendered":"<p>[et_pb_section fb_built=&#8220;1&#8243; _builder_version=&#8220;4.3.2&#8243;][et_pb_row _builder_version=&#8220;4.3.2&#8243;][et_pb_column type=&#8220;4_4&#8243; _builder_version=&#8220;4.3.2&#8243;][et_pb_code _builder_version=&#8220;4.3.2&#8243; hover_enabled=&#8220;0&#8243;][\/et_pb_code][\/et_pb_column][\/et_pb_row][\/et_pb_section]<\/p>\n","protected":false},"author":3,"featured_media":0,"parent":0,"menu_order":0,"comment_status":"closed","ping_status":"closed","template":"","meta":{"footnotes":""},"class_list":["post-14999","page","type-page","status-publish","hentry"],"_links":{"self":[{"href":"https:\/\/bil.webdev.is\/en\/wp-json\/wp\/v2\/pages\/14999","targetHints":{"allow":["GET"]}}],"collection":[{"href":"https:\/\/bil.webdev.is\/en\/wp-json\/wp\/v2\/pages"}],"about":[{"href":"https:\/\/bil.webdev.is\/en\/wp-json\/wp\/v2\/types\/page"}],"author":[{"embeddable":true,"href":"https:\/\/bil.webdev.is\/en\/wp-json\/wp\/v2\/users\/3"}],"replies":[{"embeddable":true,"href":"https:\/\/bil.webdev.is\/en\/wp-json\/wp\/v2\/comments?post=14999"}],"version-history":[{"count":0,"href":"https:\/\/bil.webdev.is\/en\/wp-json\/wp\/v2\/pages\/14999\/revisions"}],"wp:attachment":[{"href":"https:\/\/bil.webdev.is\/en\/wp-json\/wp\/v2\/media?parent=14999"}],"curies":[{"name":"wp","href":"https:\/\/api.w.org\/{rel}","templated":true}]}}