{"id":15023,"date":"2020-02-15T18:09:26","date_gmt":"2020-02-15T18:09:26","guid":{"rendered":"http:\/\/leiklist.websitetest.site\/?page_id=15023"},"modified":"2020-02-15T18:25:57","modified_gmt":"2020-02-15T18:25:57","slug":"skolamyndir-fra-1997-2018","status":"publish","type":"page","link":"https:\/\/bil.webdev.is\/en\/skolamyndir-fra-1997-2018\/","title":{"rendered":"Sk\u00f3lamyndir fr\u00e1 1997-2018"},"content":{"rendered":"<p>[et_pb_section fb_built=&#8220;1&#8243; _builder_version=&#8220;4.3.2&#8243;][et_pb_row _builder_version=&#8220;4.3.2&#8243; column_structure=&#8220;1_3,1_3,1_3&#8243;][et_pb_column _builder_version=&#8220;4.3.2&#8243; type=&#8220;1_3&#8243;][et_pb_blurb image=&#8220;http:\/\/leiklist.websitetest.site\/wp-content\/uploads\/2020\/02\/Skolamynd2019small-300&#215;200-1.jpg&#8220; _builder_version=&#8220;4.3.2&#8243; text_orientation=&#8220;center&#8220; hover_enabled=&#8220;0&#8243;]Leiklistarsk\u00f3li Bandalags \u00edslenskra leikf\u00e9laga, Reykjask\u00f3li 2019<\/p>\n<p>[\/et_pb_blurb][\/et_pb_column][et_pb_column _builder_version=&#8220;4.3.2&#8243; type=&#8220;1_3&#8243;][et_pb_blurb image=&#8220;http:\/\/leiklist.websitetest.site\/wp-content\/uploads\/2020\/02\/skolamynd2018-300&#215;189-1.jpg&#8220; _builder_version=&#8220;4.3.2&#8243; text_orientation=&#8220;center&#8220; hover_enabled=&#8220;0&#8243;]Leiklistarsk\u00f3li Bandalags \u00edslenskra leikf\u00e9laga, Reykjask\u00f3li 2018<\/p>\n<p>[\/et_pb_blurb][\/et_pb_column][et_pb_column _builder_version=&#8220;4.3.2&#8243; type=&#8220;1_3&#8243;][et_pb_blurb image=&#8220;http:\/\/leiklist.websitetest.site\/wp-content\/uploads\/2020\/02\/skolamynd_2017-1-300&#215;204-1.jpg&#8220; _builder_version=&#8220;4.3.2&#8243; text_orientation=&#8220;center&#8220; hover_enabled=&#8220;0&#8243;]<\/p>\n<p>Leiklistarsk\u00f3li Bandalags \u00edslenskra leikf\u00e9laga, Reykjask\u00f3li 2017<\/p>\n<p>[\/et_pb_blurb][\/et_pb_column][\/et_pb_row][et_pb_row _builder_version=&#8220;4.3.2&#8243; column_structure=&#8220;1_3,1_3,1_3&#8243;][et_pb_column _builder_version=&#8220;4.3.2&#8243; type=&#8220;1_3&#8243;][et_pb_blurb image=&#8220;http:\/\/leiklist.websitetest.site\/wp-content\/uploads\/2020\/02\/Skolamynd_2016-300&#215;200-1.jpg&#8220; _builder_version=&#8220;4.3.2&#8243; text_orientation=&#8220;center&#8220; hover_enabled=&#8220;0&#8243;]<\/p>\n<p><span>Leiklistarsk\u00f3li Bandalags \u00edslenskra leikf\u00e9laga,<\/span><span>H\u00fanavallask\u00f3li, 2016<\/span><\/p>\n<p>[\/et_pb_blurb][\/et_pb_column][et_pb_column _builder_version=&#8220;4.3.2&#8243; type=&#8220;1_3&#8243;][et_pb_blurb image=&#8220;http:\/\/leiklist.websitetest.site\/wp-content\/uploads\/2020\/02\/2015_skolamynd-300&#215;205-1.jpg&#8220; _builder_version=&#8220;4.3.2&#8243; text_orientation=&#8220;center&#8220; hover_enabled=&#8220;0&#8243;]<\/p>\n<p>Leiklistarsk\u00f3li Bandalags \u00edslenskra leikf\u00e9laga, H\u00fanavallask\u00f3li, 2016<\/p>\n<p>[\/et_pb_blurb][\/et_pb_column][et_pb_column _builder_version=&#8220;4.3.2&#8243; type=&#8220;1_3&#8243;][et_pb_blurb image=&#8220;http:\/\/leiklist.websitetest.site\/wp-content\/uploads\/2020\/02\/2014_skolamynd-300&#215;200-1.jpg&#8220; _builder_version=&#8220;4.3.2&#8243; text_orientation=&#8220;center&#8220; hover_enabled=&#8220;0&#8243;]<\/p>\n<p><span>Leiklistarsk\u00f3li Bandalags \u00edslenskra leikf\u00e9laga, H\u00fanavallask\u00f3li, 2015<\/span><\/p>\n<p>[\/et_pb_blurb][\/et_pb_column][\/et_pb_row][et_pb_row _builder_version=&#8220;4.3.2&#8243; column_structure=&#8220;1_3,1_3,1_3&#8243;][et_pb_column _builder_version=&#8220;4.3.2&#8243; type=&#8220;1_3&#8243;][et_pb_blurb image=&#8220;http:\/\/leiklist.websitetest.site\/wp-content\/uploads\/2020\/02\/2014_skolamynd-300&#215;200-1-1.jpg&#8220; _builder_version=&#8220;4.3.2&#8243; text_orientation=&#8220;center&#8220; hover_enabled=&#8220;0&#8243;]<\/p>\n<p><span>Leiklistarsk\u00f3li Bandalags \u00edslenskra leikf\u00e9laga, H\u00fanavallask\u00f3li, 2014<\/span><\/p>\n<p>[\/et_pb_blurb][\/et_pb_column][et_pb_column _builder_version=&#8220;4.3.2&#8243; type=&#8220;1_3&#8243;][et_pb_blurb image=&#8220;http:\/\/leiklist.websitetest.site\/wp-content\/uploads\/2020\/02\/2013_skolamynd-300&#215;200-1.jpg&#8220; _builder_version=&#8220;4.3.2&#8243; text_orientation=&#8220;center&#8220; hover_enabled=&#8220;0&#8243;]<\/p>\n<p><span>Leiklistarsk\u00f3li Bandalags \u00edslenskra leikf\u00e9laga, H\u00fanavallask\u00f3li, 2013<\/span><\/p>\n<p>[\/et_pb_blurb][\/et_pb_column][et_pb_column _builder_version=&#8220;4.3.2&#8243; type=&#8220;1_3&#8243;][et_pb_blurb image=&#8220;http:\/\/leiklist.websitetest.site\/wp-content\/uploads\/2020\/02\/2012_skolamynd-300&#215;203-1.jpg&#8220; _builder_version=&#8220;4.3.2&#8243; text_orientation=&#8220;center&#8220; hover_enabled=&#8220;0&#8243;]<\/p>\n<p><span>Leiklistarsk\u00f3li Bandalags \u00edslenskra leikf\u00e9laga, H\u00fanavallask\u00f3li, 2012<\/span><\/p>\n<p>[\/et_pb_blurb][\/et_pb_column][\/et_pb_row][et_pb_row _builder_version=&#8220;4.3.2&#8243; column_structure=&#8220;1_3,1_3,1_3&#8243;][et_pb_column _builder_version=&#8220;4.3.2&#8243; type=&#8220;1_3&#8243;][et_pb_blurb image=&#8220;http:\/\/leiklist.websitetest.site\/wp-content\/uploads\/2020\/02\/2011_skolamynd-300&#215;212-1.jpg&#8220; _builder_version=&#8220;4.3.2&#8243; text_orientation=&#8220;center&#8220; hover_enabled=&#8220;0&#8243;]<\/p>\n<p><span>Leiklistarsk\u00f3li Bandalags \u00edslenskra leikf\u00e9laga, H\u00fanavallask\u00f3li, 2011<\/span><\/p>\n<p>[\/et_pb_blurb][\/et_pb_column][et_pb_column _builder_version=&#8220;4.3.2&#8243; type=&#8220;1_3&#8243;][et_pb_blurb image=&#8220;http:\/\/leiklist.websitetest.site\/wp-content\/uploads\/2020\/02\/2010_skolamynd-300&#215;243-1.jpg&#8220; _builder_version=&#8220;4.3.2&#8243; text_orientation=&#8220;center&#8220; hover_enabled=&#8220;0&#8243;]<\/p>\n<p><span>Leiklistarsk\u00f3li Bandalags \u00edslenskra leikf\u00e9laga, H\u00fanavallask\u00f3li, 2010<\/span><\/p>\n<p>[\/et_pb_blurb][\/et_pb_column][et_pb_column _builder_version=&#8220;4.3.2&#8243; type=&#8220;1_3&#8243;][et_pb_blurb image=&#8220;http:\/\/leiklist.websitetest.site\/wp-content\/uploads\/2020\/02\/2009_skolamynd-300&#215;200-1.jpg&#8220; _builder_version=&#8220;4.3.2&#8243; text_orientation=&#8220;center&#8220; hover_enabled=&#8220;0&#8243;]<\/p>\n<p><span>Leiklistarsk\u00f3li Bandalags \u00edslenskra leikf\u00e9laga, H\u00fasabakkask\u00f3li, 2009<\/span><\/p>\n<p>[\/et_pb_blurb][\/et_pb_column][\/et_pb_row][et_pb_row _builder_version=&#8220;4.3.2&#8243; column_structure=&#8220;1_3,1_3,1_3&#8243;][et_pb_column _builder_version=&#8220;4.3.2&#8243; type=&#8220;1_3&#8243;][et_pb_blurb image=&#8220;http:\/\/leiklist.websitetest.site\/wp-content\/uploads\/2020\/02\/2008_skolamynd-300&#215;216-1.jpg&#8220; _builder_version=&#8220;4.3.2&#8243; text_orientation=&#8220;center&#8220; hover_enabled=&#8220;0&#8243;]<\/p>\n<p><span>Leiklistarsk\u00f3li Bandalags \u00edslenskra leikf\u00e9laga, H\u00fasabakkask\u00f3li, 2008<\/span><\/p>\n<p>[\/et_pb_blurb][\/et_pb_column][et_pb_column _builder_version=&#8220;4.3.2&#8243; type=&#8220;1_3&#8243;][et_pb_blurb image=&#8220;http:\/\/leiklist.websitetest.site\/wp-content\/uploads\/2020\/02\/2007_skolamynd-225&#215;300-1.jpg&#8220; _builder_version=&#8220;4.3.2&#8243; text_orientation=&#8220;center&#8220; hover_enabled=&#8220;0&#8243;]<\/p>\n<p><span>Leiklistarsk\u00f3li Bandalags \u00edslenskra leikf\u00e9laga, H\u00fasabakkask\u00f3li, 2007<\/span><\/p>\n<p>[\/et_pb_blurb][\/et_pb_column][et_pb_column _builder_version=&#8220;4.3.2&#8243; type=&#8220;1_3&#8243;][et_pb_blurb image=&#8220;http:\/\/leiklist.websitetest.site\/wp-content\/uploads\/2020\/02\/2006_skolamynd-300&#215;225-1.jpg&#8220; _builder_version=&#8220;4.3.2&#8243; text_orientation=&#8220;center&#8220; hover_enabled=&#8220;0&#8243;]<\/p>\n<p><span>Leiklistarsk\u00f3li Bandalags \u00edslenskra leikf\u00e9laga, H\u00fasabakkask\u00f3li, 2006<\/span><\/p>\n<p>[\/et_pb_blurb][\/et_pb_column][\/et_pb_row][et_pb_row _builder_version=&#8220;4.3.2&#8243; column_structure=&#8220;1_3,1_3,1_3&#8243;][et_pb_column _builder_version=&#8220;4.3.2&#8243; type=&#8220;1_3&#8243;][et_pb_blurb image=&#8220;http:\/\/leiklist.websitetest.site\/wp-content\/uploads\/2020\/02\/2005_skolamynd-300&#215;225-1.jpg&#8220; _builder_version=&#8220;4.3.2&#8243; text_orientation=&#8220;center&#8220; hover_enabled=&#8220;0&#8243;]<\/p>\n<p><span>Leiklistarsk\u00f3li Bandalags \u00edslenskra leikf\u00e9laga, H\u00fasabakkask\u00f3li, 2005<\/span><\/p>\n<p>[\/et_pb_blurb][\/et_pb_column][et_pb_column _builder_version=&#8220;4.3.2&#8243; type=&#8220;1_3&#8243;][et_pb_blurb image=&#8220;http:\/\/leiklist.websitetest.site\/wp-content\/uploads\/2020\/02\/2004_skolamynd-300&#215;225-1.jpg&#8220; _builder_version=&#8220;4.3.2&#8243; text_orientation=&#8220;center&#8220; hover_enabled=&#8220;0&#8243;]<\/p>\n<p><span>Leiklistarsk\u00f3li Bandalags \u00edslenskra leikf\u00e9laga, H\u00fasabakkask\u00f3li, 2004<\/span><\/p>\n<p>[\/et_pb_blurb][\/et_pb_column][et_pb_column _builder_version=&#8220;4.3.2&#8243; type=&#8220;1_3&#8243;][et_pb_blurb image=&#8220;http:\/\/leiklist.websitetest.site\/wp-content\/uploads\/2020\/02\/2003_skolamynd-300&#215;225-1.jpg&#8220; _builder_version=&#8220;4.3.2&#8243; text_orientation=&#8220;center&#8220; hover_enabled=&#8220;0&#8243;]<\/p>\n<p><span>Leiklistarsk\u00f3li Bandalags \u00edslenskra leikf\u00e9laga, H\u00fasabakkask\u00f3li, 2003<\/span><\/p>\n<p>[\/et_pb_blurb][\/et_pb_column][\/et_pb_row][et_pb_row _builder_version=&#8220;4.3.2&#8243; column_structure=&#8220;1_3,1_3,1_3&#8243;][et_pb_column _builder_version=&#8220;4.3.2&#8243; type=&#8220;1_3&#8243;][et_pb_blurb image=&#8220;http:\/\/leiklist.websitetest.site\/wp-content\/uploads\/2020\/02\/2002_Skolamynd-1-300&#215;225-1.jpg&#8220; _builder_version=&#8220;4.3.2&#8243; text_orientation=&#8220;center&#8220; hover_enabled=&#8220;0&#8243;]<\/p>\n<p><span>Leiklistarsk\u00f3li Bandalags \u00edslenskra leikf\u00e9laga, H\u00fasabakkask\u00f3li, 2002<\/span><\/p>\n<p>[\/et_pb_blurb][\/et_pb_column][et_pb_column _builder_version=&#8220;4.3.2&#8243; type=&#8220;1_3&#8243;][et_pb_blurb image=&#8220;http:\/\/leiklist.websitetest.site\/wp-content\/uploads\/2020\/02\/2001_Sk\u00f3lamynd-300&#215;202-1.jpg&#8220; _builder_version=&#8220;4.3.2&#8243; text_orientation=&#8220;center&#8220; hover_enabled=&#8220;0&#8243;]<\/p>\n<p><span>Leiklistarsk\u00f3li Bandalags \u00edslenskra leikf\u00e9laga, H\u00fasabakkask\u00f3li, 2001<\/span><\/p>\n<p>[\/et_pb_blurb][\/et_pb_column][et_pb_column _builder_version=&#8220;4.3.2&#8243; type=&#8220;1_3&#8243;][et_pb_blurb image=&#8220;http:\/\/leiklist.websitetest.site\/wp-content\/uploads\/2020\/02\/2000_skolamynd-1-300&#215;202-1.jpg&#8220; _builder_version=&#8220;4.3.2&#8243; text_orientation=&#8220;center&#8220; hover_enabled=&#8220;0&#8243;]<\/p>\n<p><span>Leiklistarsk\u00f3li Bandalags \u00edslenskra leikf\u00e9laga, H\u00fasabakkask\u00f3li, 2000<\/span><\/p>\n<p>[\/et_pb_blurb][\/et_pb_column][\/et_pb_row][et_pb_row _builder_version=&#8220;4.3.2&#8243; column_structure=&#8220;1_3,1_3,1_3&#8243;][et_pb_column _builder_version=&#8220;4.3.2&#8243; type=&#8220;1_3&#8243;][et_pb_blurb image=&#8220;http:\/\/leiklist.websitetest.site\/wp-content\/uploads\/2020\/02\/1999_skolamynd-300&#215;225-1.jpg&#8220; _builder_version=&#8220;4.3.2&#8243; text_orientation=&#8220;center&#8220; hover_enabled=&#8220;0&#8243;]<\/p>\n<p><span>Leiklistarsk\u00f3li Bandalags \u00edslenskra leikf\u00e9laga, H\u00fasabakkask\u00f3li, 1999<\/span><\/p>\n<p>[\/et_pb_blurb][\/et_pb_column][et_pb_column _builder_version=&#8220;4.3.2&#8243; type=&#8220;1_3&#8243;][et_pb_blurb image=&#8220;http:\/\/leiklist.websitetest.site\/wp-content\/uploads\/2020\/02\/1998_skolamynd-300&#215;204-1.jpg&#8220; _builder_version=&#8220;4.3.2&#8243; text_orientation=&#8220;center&#8220; hover_enabled=&#8220;0&#8243;]<\/p>\n<p><span>Leiklistarsk\u00f3li Bandalags \u00edslenskra leikf\u00e9laga, H\u00fasabakkask\u00f3li, 1998<\/span><\/p>\n<p>[\/et_pb_blurb][\/et_pb_column][et_pb_column _builder_version=&#8220;4.3.2&#8243; type=&#8220;1_3&#8243;][et_pb_blurb image=&#8220;http:\/\/leiklist.websitetest.site\/wp-content\/uploads\/2020\/02\/1997_skolamynd-300&#215;200-1.jpg&#8220; _builder_version=&#8220;4.3.2&#8243; text_orientation=&#8220;center&#8220; hover_enabled=&#8220;0&#8243;]<\/p>\n<p><span>Leiklistarsk\u00f3li Bandalags \u00edslenskra leikf\u00e9laga, H\u00fasabakkask\u00f3li, 1997<\/span><\/p>\n<p>[\/et_pb_blurb][\/et_pb_column][\/et_pb_row][\/et_pb_section]<\/p>\n","protected":false},"excerpt":{"rendered":"<p>[et_pb_section fb_built=&#8220;1&#8243; _builder_version=&#8220;4.3.2&#8243;][et_pb_row _builder_version=&#8220;4.3.2&#8243; column_structure=&#8220;1_3,1_3,1_3&#8243;][et_pb_column _builder_version=&#8220;4.3.2&#8243; type=&#8220;1_3&#8243;][et_pb_blurb image=&#8220;http:\/\/leiklist.websitetest.site\/wp-content\/uploads\/2020\/02\/Skolamynd2019small-300&#215;200-1.jpg&#8220; _builder_version=&#8220;4.3.2&#8243; text_orientation=&#8220;center&#8220; hover_enabled=&#8220;0&#8243;]Leiklistarsk\u00f3li Bandalags \u00edslenskra leikf\u00e9laga, Reykjask\u00f3li 2019 [\/et_pb_blurb][\/et_pb_column][et_pb_column _builder_version=&#8220;4.3.2&#8243; type=&#8220;1_3&#8243;][et_pb_blurb image=&#8220;http:\/\/leiklist.websitetest.site\/wp-content\/uploads\/2020\/02\/skolamynd2018-300&#215;189-1.jpg&#8220; _builder_version=&#8220;4.3.2&#8243; text_orientation=&#8220;center&#8220; hover_enabled=&#8220;0&#8243;]Leiklistarsk\u00f3li Bandalags \u00edslenskra leikf\u00e9laga, Reykjask\u00f3li 2018 [\/et_pb_blurb][\/et_pb_column][et_pb_column _builder_version=&#8220;4.3.2&#8243; type=&#8220;1_3&#8243;][et_pb_blurb image=&#8220;http:\/\/leiklist.websitetest.site\/wp-content\/uploads\/2020\/02\/skolamynd_2017-1-300&#215;204-1.jpg&#8220; _builder_version=&#8220;4.3.2&#8243; text_orientation=&#8220;center&#8220; hover_enabled=&#8220;0&#8243;] Leiklistarsk\u00f3li Bandalags \u00edslenskra leikf\u00e9laga, Reykjask\u00f3li 2017 [\/et_pb_blurb][\/et_pb_column][\/et_pb_row][et_pb_row _builder_version=&#8220;4.3.2&#8243; column_structure=&#8220;1_3,1_3,1_3&#8243;][et_pb_column _builder_version=&#8220;4.3.2&#8243; type=&#8220;1_3&#8243;][et_pb_blurb image=&#8220;http:\/\/leiklist.websitetest.site\/wp-content\/uploads\/2020\/02\/Skolamynd_2016-300&#215;200-1.jpg&#8220; _builder_version=&#8220;4.3.2&#8243; text_orientation=&#8220;center&#8220; hover_enabled=&#8220;0&#8243;] Leiklistarsk\u00f3li Bandalags \u00edslenskra leikf\u00e9laga,H\u00fanavallask\u00f3li, 2016 [&hellip;]<\/p>\n","protected":false},"author":3,"featured_media":0,"parent":0,"menu_order":0,"comment_status":"closed","ping_status":"closed","template":"","meta":{"footnotes":""},"class_list":["post-15023","page","type-page","status-publish","hentry"],"_links":{"self":[{"href":"https:\/\/bil.webdev.is\/en\/wp-json\/wp\/v2\/pages\/15023","targetHints":{"allow":["GET"]}}],"collection":[{"href":"https:\/\/bil.webdev.is\/en\/wp-json\/wp\/v2\/pages"}],"about":[{"href":"https:\/\/bil.webdev.is\/en\/wp-json\/wp\/v2\/types\/page"}],"author":[{"embeddable":true,"href":"https:\/\/bil.webdev.is\/en\/wp-json\/wp\/v2\/users\/3"}],"replies":[{"embeddable":true,"href":"https:\/\/bil.webdev.is\/en\/wp-json\/wp\/v2\/comments?post=15023"}],"version-history":[{"count":0,"href":"https:\/\/bil.webdev.is\/en\/wp-json\/wp\/v2\/pages\/15023\/revisions"}],"wp:attachment":[{"href":"https:\/\/bil.webdev.is\/en\/wp-json\/wp\/v2\/media?parent=15023"}],"curies":[{"name":"wp","href":"https:\/\/api.w.org\/{rel}","templated":true}]}}