{"id":15067,"date":"2020-02-15T18:37:15","date_gmt":"2020-02-15T18:37:15","guid":{"rendered":"http:\/\/leiklist.websitetest.site\/?page_id=15067"},"modified":"2024-01-05T12:25:20","modified_gmt":"2024-01-05T12:25:20","slug":"minar-umsoknir-innsendingar","status":"publish","type":"page","link":"https:\/\/bil.webdev.is\/en\/minar-umsoknir-innsendingar\/","title":{"rendered":"M\u00ednar ums\u00f3knir\/innsendingar"},"content":{"rendered":"<p>[et_pb_section fb_built=&#8220;1&#8243; admin_label=&#8220;section&#8220; _builder_version=&#8220;3.22&#8243;][et_pb_row admin_label=&#8220;row&#8220; _builder_version=&#8220;3.25&#8243; background_size=&#8220;initial&#8220; background_position=&#8220;top_left&#8220; background_repeat=&#8220;repeat&#8220;][et_pb_column type=&#8220;4_4&#8243; _builder_version=&#8220;3.25&#8243; custom_padding=&#8220;|||&#8220; custom_padding__hover=&#8220;|||&#8220;][et_pb_text _builder_version=&#8220;4.3.2&#8243; text_text_color=&#8220;#000000&#8243;]<\/p>\n<p><strong>Styrkums\u00f3kn:<\/strong><\/p>\n<ul class=\"frm_entry_ul \">\n<li><a href=\"https:\/\/leiklist.is\/styrkumsokn\/?entry=rp9uo&amp;frm_action=edit\">1. August, 2019<\/a><\/li>\n<\/ul>\n<hr \/>\n<p><strong>Athyglisver\u00f0asta \u00e1hugaleiks\u00fdning \u00e1rsins:<\/strong><\/p>\n<hr \/>\n<p><strong>L\u00e1ns- og leigulistinn:<\/strong><\/p>\n<ul class=\"frm_entry_ul \">\n<li><a href=\"https:\/\/leiklist.is\/frm_display\/9022\/?entry=ktsx&amp;frm_action=edit\">2. October, 2018<\/a>\u00a0<a class=\"frm_delete_list\" href=\"https:\/\/leiklist.is\/frm_display\/9022\/?frm_action=destroy&amp;entry=1401\" data-frmconfirm=\"Are you sure you want to delete that entry?\">Ey\u00f0a<\/a><\/li>\n<li><a href=\"https:\/\/leiklist.is\/frm_display\/9022\/?entry=ot8cl&amp;frm_action=edit\">6. May, 2019<\/a>\u00a0<a class=\"frm_delete_list\" href=\"https:\/\/leiklist.is\/frm_display\/9022\/?frm_action=destroy&amp;entry=1573\" data-frmconfirm=\"Are you sure you want to delete that entry?\">Ey\u00f0a<\/a><\/li>\n<li><a href=\"https:\/\/leiklist.is\/frm_display\/9022\/?entry=okjvy&amp;frm_action=edit\">22. August, 2019<\/a>\u00a0<a class=\"frm_delete_list\" href=\"https:\/\/leiklist.is\/frm_display\/9022\/?frm_action=destroy&amp;entry=1852\" data-frmconfirm=\"Are you sure you want to delete that entry?\">Ey\u00f0a<\/a><\/li>\n<\/ul>\n<hr \/>\n<p><strong>Lestrarhestar:<\/strong><\/p>\n<ul class=\"frm_entry_ul \">\n<li><a href=\"https:\/\/leiklist.is\/leikritasafnid\/lestrarhestar-innsending\/?entry=imbmw&amp;frm_action=edit\">28. October, 2016<\/a><\/li>\n<\/ul>\n<p>[\/et_pb_text][\/et_pb_column][\/et_pb_row][\/et_pb_section]<\/p>\n","protected":false},"excerpt":{"rendered":"<p>[et_pb_section fb_built=&#8220;1&#8243; admin_label=&#8220;section&#8220; _builder_version=&#8220;3.22&#8243;][et_pb_row admin_label=&#8220;row&#8220; _builder_version=&#8220;3.25&#8243; background_size=&#8220;initial&#8220; background_position=&#8220;top_left&#8220; background_repeat=&#8220;repeat&#8220;][et_pb_column type=&#8220;4_4&#8243; _builder_version=&#8220;3.25&#8243; custom_padding=&#8220;|||&#8220; custom_padding__hover=&#8220;|||&#8220;][et_pb_text _builder_version=&#8220;4.3.2&#8243; text_text_color=&#8220;#000000&#8243;] Styrkums\u00f3kn: 1. August, 2019 Athyglisver\u00f0asta \u00e1hugaleiks\u00fdning \u00e1rsins: L\u00e1ns- og leigulistinn: 2. October, 2018\u00a0Ey\u00f0a 6. May, 2019\u00a0Ey\u00f0a 22. August, 2019\u00a0Ey\u00f0a Lestrarhestar: 28. October, 2016 [\/et_pb_text][\/et_pb_column][\/et_pb_row][\/et_pb_section]<\/p>\n","protected":false},"author":3,"featured_media":0,"parent":0,"menu_order":0,"comment_status":"closed","ping_status":"closed","template":"","meta":{"footnotes":""},"class_list":["post-15067","page","type-page","status-publish","hentry"],"_links":{"self":[{"href":"https:\/\/bil.webdev.is\/en\/wp-json\/wp\/v2\/pages\/15067","targetHints":{"allow":["GET"]}}],"collection":[{"href":"https:\/\/bil.webdev.is\/en\/wp-json\/wp\/v2\/pages"}],"about":[{"href":"https:\/\/bil.webdev.is\/en\/wp-json\/wp\/v2\/types\/page"}],"author":[{"embeddable":true,"href":"https:\/\/bil.webdev.is\/en\/wp-json\/wp\/v2\/users\/3"}],"replies":[{"embeddable":true,"href":"https:\/\/bil.webdev.is\/en\/wp-json\/wp\/v2\/comments?post=15067"}],"version-history":[{"count":0,"href":"https:\/\/bil.webdev.is\/en\/wp-json\/wp\/v2\/pages\/15067\/revisions"}],"wp:attachment":[{"href":"https:\/\/bil.webdev.is\/en\/wp-json\/wp\/v2\/media?parent=15067"}],"curies":[{"name":"wp","href":"https:\/\/api.w.org\/{rel}","templated":true}]}}