{"id":15071,"date":"2020-02-15T18:37:54","date_gmt":"2020-02-15T18:37:54","guid":{"rendered":"http:\/\/leiklist.websitetest.site\/?page_id=15071"},"modified":"2020-02-15T18:37:58","modified_gmt":"2020-02-15T18:37:58","slug":"neata-stuttverkahatidin-i-faereyjum-umsoknarform","status":"publish","type":"page","link":"https:\/\/bil.webdev.is\/en\/neata-stuttverkahatidin-i-faereyjum-umsoknarform\/","title":{"rendered":"NEATA stuttverkah\u00e1t\u00ed\u00f0in \u00ed F\u00e6reyjum \u2013 ums\u00f3knarform"},"content":{"rendered":"<p>[et_pb_section fb_built=&#8220;1&#8243; _builder_version=&#8220;4.3.2&#8243;][et_pb_row _builder_version=&#8220;4.3.2&#8243;][et_pb_column _builder_version=&#8220;4.3.2&#8243; type=&#8220;4_4&#8243;][et_pb_text _builder_version=&#8220;4.3.2&#8243; hover_enabled=&#8220;0&#8243;]<\/p>\n<p style=\"text-align: center;\">Ums\u00f3kn um \u00fe\u00e1ttt\u00f6ku \u00ed NEATA stuttverkah\u00e1t\u00ed\u00f0inni \u00ed F\u00e6reyjum 7. \u2013 8. okt. 2016<\/p>\n<p style=\"text-align: center;\"><strong>\u2014 Ums\u00f3knarfrestur er li\u00f0inn \u2014<\/strong><\/p>\n<p>[\/et_pb_text][\/et_pb_column][\/et_pb_row][\/et_pb_section]<\/p>\n","protected":false},"excerpt":{"rendered":"<p>[et_pb_section fb_built=&#8220;1&#8243; _builder_version=&#8220;4.3.2&#8243;][et_pb_row _builder_version=&#8220;4.3.2&#8243;][et_pb_column _builder_version=&#8220;4.3.2&#8243; type=&#8220;4_4&#8243;][et_pb_text _builder_version=&#8220;4.3.2&#8243; hover_enabled=&#8220;0&#8243;] Ums\u00f3kn um \u00fe\u00e1ttt\u00f6ku \u00ed NEATA stuttverkah\u00e1t\u00ed\u00f0inni \u00ed F\u00e6reyjum 7. \u2013 8. okt. 2016 \u2014 Ums\u00f3knarfrestur er li\u00f0inn \u2014 [\/et_pb_text][\/et_pb_column][\/et_pb_row][\/et_pb_section]<\/p>\n","protected":false},"author":3,"featured_media":0,"parent":0,"menu_order":0,"comment_status":"closed","ping_status":"closed","template":"","meta":{"footnotes":""},"class_list":["post-15071","page","type-page","status-publish","hentry"],"_links":{"self":[{"href":"https:\/\/bil.webdev.is\/en\/wp-json\/wp\/v2\/pages\/15071","targetHints":{"allow":["GET"]}}],"collection":[{"href":"https:\/\/bil.webdev.is\/en\/wp-json\/wp\/v2\/pages"}],"about":[{"href":"https:\/\/bil.webdev.is\/en\/wp-json\/wp\/v2\/types\/page"}],"author":[{"embeddable":true,"href":"https:\/\/bil.webdev.is\/en\/wp-json\/wp\/v2\/users\/3"}],"replies":[{"embeddable":true,"href":"https:\/\/bil.webdev.is\/en\/wp-json\/wp\/v2\/comments?post=15071"}],"version-history":[{"count":0,"href":"https:\/\/bil.webdev.is\/en\/wp-json\/wp\/v2\/pages\/15071\/revisions"}],"wp:attachment":[{"href":"https:\/\/bil.webdev.is\/en\/wp-json\/wp\/v2\/media?parent=15071"}],"curies":[{"name":"wp","href":"https:\/\/api.w.org\/{rel}","templated":true}]}}