{"id":15081,"date":"2020-02-15T18:42:50","date_gmt":"2020-02-15T18:42:50","guid":{"rendered":"http:\/\/leiklist.websitetest.site\/?page_id=15081"},"modified":"2021-03-19T17:28:34","modified_gmt":"2021-03-19T17:28:34","slug":"skilmalar-verslunar","status":"publish","type":"page","link":"https:\/\/bil.webdev.is\/en\/skilmalar-verslunar\/","title":{"rendered":"Skilm\u00e1lar verslunar"},"content":{"rendered":"<p>[et_pb_section fb_built=&#8220;1&#8243; _builder_version=&#8220;4.3.2&#8243;][et_pb_row _builder_version=&#8220;4.3.2&#8243;][et_pb_column type=&#8220;4_4&#8243; _builder_version=&#8220;4.3.2&#8243;][et_pb_text _builder_version=&#8220;4.4.1&#8243; hover_enabled=&#8220;0&#8243;]<\/p>\n<p><strong>Um okkur<\/strong><br \/> <em><strong>Bandalag \u00edslenskra leikf\u00e9laga, Kleppsm\u00fdrarvegi 8, 104 Reykjav\u00edk, 5516974 , info@leiklist.is.<\/strong><\/em><br \/> Leikh\u00fasb\u00fa\u00f0in \u00e1skilur s\u00e9r r\u00e9tt til a\u00f0 h\u00e6tta vi\u00f0 pantanir, t.d. vegna rangra ver\u00f0uppl\u00fdsinga e\u00f0a h\u00e6tta a\u00f0 bj\u00f3\u00f0a upp \u00e1 v\u00f6rutegundir fyrirvaralaust. \u00c1skilinn er r\u00e9ttur til a\u00f0 sta\u00f0festa pantanir s\u00edmlei\u00f0is.<\/p>\n<p><strong>Afhending v\u00f6ru<\/strong><br \/> Allar pantanir eru afgreiddar n\u00e6sta virka dag eftir p\u00f6ntun. S\u00e9 varan ekki til \u00e1 lager munum vi\u00f0 hafa samband og tilkynna um \u00e1\u00e6tla\u00f0an afhendingart\u00edma v\u00f6runnar. Af \u00f6llum p\u00f6ntunum dreift af \u00cdslandsp\u00f3sti gilda afhendingar-, \u00e1byrg\u00f0ar og flutningsskilm\u00e1lar \u00cdslandsp\u00f3sts um afhendingu v\u00f6runnar. Bandalag \u00edslenskra leikf\u00e9laga ber samkv\u00e6mt \u00feessu enga \u00e1byrg\u00f0 \u00e1 t\u00fdndum sendingum e\u00f0a tj\u00f3ni sem kann a\u00f0 ver\u00f0a \u00e1 v\u00f6ru \u00ed flutningi. Ef a\u00f0 vara t\u00fdnist \u00ed p\u00f3sti e\u00f0a ver\u00f0ur fyrir tj\u00f3ni fr\u00e1 \u00fev\u00ed a\u00f0 a\u00f0 h\u00fan er send fr\u00e1 (nafn fyrirt\u00e6kis) til vi\u00f0komandi er tj\u00f3ni\u00f0 \u00e1 \u00e1byrg\u00f0 kaupanda. H\u00e6gt er a\u00f0 grei\u00f0a aukalega fyrir rekjanlegt br\u00e9f.<\/p>\n<p><strong>Ver\u00f0 \u00e1 v\u00f6ru og sendingakostna\u00f0ur<\/strong><br \/> \u00d6ll ver\u00f0 \u00ed vefverslun eru me\u00f0 innif\u00f6ldum 24% vsk en sendingakostna\u00f0ur b\u00e6tist s\u00ed\u00f0an vi\u00f0 \u00e1\u00f0ur en grei\u00f0sla fer fram. Vi\u00f0 sendum allar v\u00f6rur me\u00f0 \u00cdslandsp\u00f3sti. Sendingakostna\u00f0ur er mismunandi eftir \u00e1fangast\u00f6\u00f0um.<\/p>\n<p><strong>A\u00f0 skipta og skila v\u00f6ru<\/strong><br \/> Veittur er 14 daga skilar\u00e9ttur vi\u00f0 kaup \u00e1 v\u00f6ru gegn \u00fev\u00ed a\u00f0 framv\u00edsa\u00f0 s\u00e9 s\u00f6lureikningi sem s\u00fdnir me\u00f0 fulln\u00e6gjandi h\u00e6tti hven\u00e6r varan var keypt. Varan \u00fearf a\u00f0 vera \u00f3notu\u00f0, \u00ed fullkomnu lagi og \u00ed s\u00ednum upprunalegu \u00f3skemmdu umb\u00fa\u00f0um \u00feegar henni er skila\u00f0. Ef vara er innsiglu\u00f0 m\u00e1 ekki rj\u00fafa innsigli\u00f0. Vi\u00f0 skil \u00e1 v\u00f6ru er mi\u00f0a\u00f0 vi\u00f0 upprunalegt ver\u00f0 hennar, nema vi\u00f0komandi vara s\u00e9 \u00e1 \u00fats\u00f6lu e\u00f0a \u00e1 s\u00e9rtilbo\u00f0i vi\u00f0 v\u00f6ruskil. \u00de\u00e1 er mi\u00f0a\u00f0 vi\u00f0 ver\u00f0 v\u00f6runnar \u00feann dag sem henni er skila\u00f0. Ekki er tekin \u00e1byrg\u00f0 \u00e1 rangri skr\u00e1ningu \u00e1 v\u00f6rum, hvort sem um er a\u00f0 r\u00e6\u00f0a ver\u00f0, \u00feyngd, fj\u00f6lda e\u00f0a anna\u00f0 sem m\u00e1li skiptir. Vi\u00f0 reynum \u00fe\u00f3 eftir fremsta megni a\u00f0 koma til m\u00f3ts vi\u00f0 vi\u00f0skiptavini okkar.\u00a0<\/p>\n<p>[\/et_pb_text][\/et_pb_column][\/et_pb_row][\/et_pb_section]<\/p>\n","protected":false},"excerpt":{"rendered":"<p>[et_pb_section fb_built=&#8220;1&#8243; _builder_version=&#8220;4.3.2&#8243;][et_pb_row _builder_version=&#8220;4.3.2&#8243;][et_pb_column type=&#8220;4_4&#8243; _builder_version=&#8220;4.3.2&#8243;][et_pb_text _builder_version=&#8220;4.4.1&#8243; hover_enabled=&#8220;0&#8243;] Um okkur Bandalag \u00edslenskra leikf\u00e9laga, Kleppsm\u00fdrarvegi 8, 104 Reykjav\u00edk, 5516974 , info@leiklist.is. Leikh\u00fasb\u00fa\u00f0in \u00e1skilur s\u00e9r r\u00e9tt til a\u00f0 h\u00e6tta vi\u00f0 pantanir, t.d. vegna rangra ver\u00f0uppl\u00fdsinga e\u00f0a h\u00e6tta a\u00f0 bj\u00f3\u00f0a upp \u00e1 v\u00f6rutegundir fyrirvaralaust. \u00c1skilinn er r\u00e9ttur til a\u00f0 sta\u00f0festa pantanir s\u00edmlei\u00f0is. Afhending v\u00f6ru Allar pantanir eru afgreiddar [&hellip;]<\/p>\n","protected":false},"author":3,"featured_media":0,"parent":0,"menu_order":0,"comment_status":"closed","ping_status":"closed","template":"","meta":{"footnotes":""},"class_list":["post-15081","page","type-page","status-publish","hentry"],"_links":{"self":[{"href":"https:\/\/bil.webdev.is\/en\/wp-json\/wp\/v2\/pages\/15081","targetHints":{"allow":["GET"]}}],"collection":[{"href":"https:\/\/bil.webdev.is\/en\/wp-json\/wp\/v2\/pages"}],"about":[{"href":"https:\/\/bil.webdev.is\/en\/wp-json\/wp\/v2\/types\/page"}],"author":[{"embeddable":true,"href":"https:\/\/bil.webdev.is\/en\/wp-json\/wp\/v2\/users\/3"}],"replies":[{"embeddable":true,"href":"https:\/\/bil.webdev.is\/en\/wp-json\/wp\/v2\/comments?post=15081"}],"version-history":[{"count":0,"href":"https:\/\/bil.webdev.is\/en\/wp-json\/wp\/v2\/pages\/15081\/revisions"}],"wp:attachment":[{"href":"https:\/\/bil.webdev.is\/en\/wp-json\/wp\/v2\/media?parent=15081"}],"curies":[{"name":"wp","href":"https:\/\/api.w.org\/{rel}","templated":true}]}}