{"id":15087,"date":"2020-02-15T18:44:21","date_gmt":"2020-02-15T18:44:21","guid":{"rendered":"http:\/\/leiklist.websitetest.site\/?page_id=15087"},"modified":"2024-04-09T13:15:19","modified_gmt":"2024-04-09T13:15:19","slug":"umsoknarform-fyrir-rikisstyrk-leikarid-2023-2024","status":"publish","type":"page","link":"https:\/\/bil.webdev.is\/en\/umsoknarform-fyrir-rikisstyrk-leikarid-2023-2024\/","title":{"rendered":"Ums\u00f3knarform fyrir r\u00edkisstyrk leik\u00e1ri\u00f0 2023-2024"},"content":{"rendered":"<p><span class=\"wppb-frontend-restriction-message wppb-content-restriction-message\">\u00de\u00fa hefur ekki leyfi til a\u00f0 sko\u00f0a \u00feessa s\u00ed\u00f0u.<\/span><\/p>","protected":false},"excerpt":{"rendered":"<p>\u00de\u00fa hefur ekki leyfi til a\u00f0 sko\u00f0a \u00feessa s\u00ed\u00f0u.<\/p>","protected":false},"author":3,"featured_media":0,"parent":0,"menu_order":0,"comment_status":"closed","ping_status":"closed","template":"","meta":{"footnotes":""},"class_list":["post-15087","page","type-page","status-publish","hentry"],"_links":{"self":[{"href":"https:\/\/bil.webdev.is\/en\/wp-json\/wp\/v2\/pages\/15087","targetHints":{"allow":["GET"]}}],"collection":[{"href":"https:\/\/bil.webdev.is\/en\/wp-json\/wp\/v2\/pages"}],"about":[{"href":"https:\/\/bil.webdev.is\/en\/wp-json\/wp\/v2\/types\/page"}],"author":[{"embeddable":true,"href":"https:\/\/bil.webdev.is\/en\/wp-json\/wp\/v2\/users\/3"}],"replies":[{"embeddable":true,"href":"https:\/\/bil.webdev.is\/en\/wp-json\/wp\/v2\/comments?post=15087"}],"version-history":[{"count":0,"href":"https:\/\/bil.webdev.is\/en\/wp-json\/wp\/v2\/pages\/15087\/revisions"}],"wp:attachment":[{"href":"https:\/\/bil.webdev.is\/en\/wp-json\/wp\/v2\/media?parent=15087"}],"curies":[{"name":"wp","href":"https:\/\/api.w.org\/{rel}","templated":true}]}}