{"id":42990,"date":"2026-05-01T14:36:02","date_gmt":"2026-05-01T14:36:02","guid":{"rendered":"https:\/\/staging.devseye.com\/?page_id=42990"},"modified":"2026-05-02T11:54:37","modified_gmt":"2026-05-02T11:54:37","slug":"search","status":"publish","type":"page","link":"https:\/\/bil.webdev.is\/en\/search\/","title":{"rendered":"search"},"content":{"rendered":"<div data-elementor-type=\"wp-page\" data-elementor-id=\"42990\" class=\"elementor elementor-42990\" data-elementor-post-type=\"page\">\n\t\t\t\t<div class=\"elementor-element elementor-element-ad35472 e-flex e-con-boxed e-con e-parent\" data-id=\"ad35472\" data-element_type=\"container\" data-e-type=\"container\" data-settings=\"{&quot;background_background&quot;:&quot;classic&quot;}\">\n\t\t\t\t\t<div class=\"e-con-inner\">\n\t\t<div class=\"elementor-element elementor-element-836242e e-con-full e-flex e-con e-child\" data-id=\"836242e\" data-element_type=\"container\" data-e-type=\"container\">\n\t\t\t\t<div class=\"elementor-element elementor-element-00efb31 elementor-widget elementor-widget-heading\" data-id=\"00efb31\" data-element_type=\"widget\" data-e-type=\"widget\" data-widget_type=\"heading.default\">\n\t\t\t\t\t<h2 class=\"elementor-heading-title elementor-size-default\">Leikritasafn B\u00cdL<\/h2>\t\t\t\t<\/div>\n\t\t\t\t<div class=\"elementor-element elementor-element-8166bb1 elementor-widget elementor-widget-text-editor\" data-id=\"8166bb1\" data-element_type=\"widget\" data-e-type=\"widget\" data-widget_type=\"text-editor.default\">\n\t\t\t\t\t\t\t\t\t<p>Kvasir er gagnasafn sem inniheldur leikritasafn B\u00cdL auk uppl\u00fdsinga um uppsetningar \u00e1 leikritum, leikf\u00e9l\u00f6g, s\u00fdningarsta\u00f0i og \u00fe\u00e1 sem koma a\u00f0 hverri uppsetningu s.s. leiksk\u00e1ld, \u00fe\u00fd\u00f0endur, leikstj\u00f3ra, leikara, h\u00f6nnu\u00f0i, t\u00e6knif\u00f3lk o.fl. H\u00e6gt er a\u00f0 leita \u00ed Kvasi og flokka og s\u00eda ni\u00f0urst\u00f6\u00f0ur.<\/p>\t\t\t\t\t\t\t\t<\/div>\n\t\t\t\t<\/div>\n\t\t<div class=\"elementor-element elementor-element-d6858a2 e-con-full e-flex e-con e-child\" data-id=\"d6858a2\" data-element_type=\"container\" data-e-type=\"container\">\n\t\t\t\t<div class=\"elementor-element elementor-element-0cbc1fa elementor-widget elementor-widget-image\" data-id=\"0cbc1fa\" data-element_type=\"widget\" data-e-type=\"widget\" data-widget_type=\"image.default\">\n\t\t\t\t\t\t\t\t\t\t\t\t\t\t\t<img fetchpriority=\"high\" decoding=\"async\" width=\"800\" height=\"489\" src=\"https:\/\/bil.webdev.is\/wp-content\/uploads\/2026\/05\/WhatsApp-Image-2026-04-27-at-3.54.49-PM-1024x626.jpeg\" class=\"attachment-large size-large wp-image-42993\" alt=\"\" srcset=\"https:\/\/bil.webdev.is\/wp-content\/uploads\/2026\/05\/WhatsApp-Image-2026-04-27-at-3.54.49-PM-1024x626.jpeg 1024w, https:\/\/bil.webdev.is\/wp-content\/uploads\/2026\/05\/WhatsApp-Image-2026-04-27-at-3.54.49-PM-300x183.jpeg 300w, https:\/\/bil.webdev.is\/wp-content\/uploads\/2026\/05\/WhatsApp-Image-2026-04-27-at-3.54.49-PM-768x469.jpeg 768w, https:\/\/bil.webdev.is\/wp-content\/uploads\/2026\/05\/WhatsApp-Image-2026-04-27-at-3.54.49-PM-18x12.jpeg 18w, https:\/\/bil.webdev.is\/wp-content\/uploads\/2026\/05\/WhatsApp-Image-2026-04-27-at-3.54.49-PM-600x367.jpeg 600w, https:\/\/bil.webdev.is\/wp-content\/uploads\/2026\/05\/WhatsApp-Image-2026-04-27-at-3.54.49-PM.jpeg 1280w\" sizes=\"(max-width: 800px) 100vw, 800px\" \/>\t\t\t\t\t\t\t\t\t\t\t\t\t\t\t<\/div>\n\t\t\t\t<\/div>\n\t\t<div class=\"elementor-element elementor-element-97d58d1 e-con-full e-flex e-con e-child\" data-id=\"97d58d1\" data-element_type=\"container\" data-e-type=\"container\">\n\t\t\t\t<div class=\"elementor-element elementor-element-391d721 elementor-widget elementor-widget-n-accordion\" data-id=\"391d721\" data-element_type=\"widget\" data-e-type=\"widget\" data-settings=\"{&quot;default_state&quot;:&quot;all_collapsed&quot;,&quot;max_items_expended&quot;:&quot;one&quot;,&quot;n_accordion_animation_duration&quot;:{&quot;unit&quot;:&quot;ms&quot;,&quot;size&quot;:400,&quot;sizes&quot;:[]}}\" data-widget_type=\"nested-accordion.default\">\n\t\t\t\t\t\t\t<div class=\"e-n-accordion\" aria-label=\"Accordion. Open links with Enter or Space, close with Escape, and navigate with Arrow Keys\">\n\t\t\t\t\t\t<details id=\"e-n-accordion-item-5980\" class=\"e-n-accordion-item\" >\n\t\t\t\t<summary class=\"e-n-accordion-item-title\" data-accordion-index=\"1\" tabindex=\"0\" aria-expanded=\"false\" aria-controls=\"e-n-accordion-item-5980\" >\n\t\t\t\t\t<span class='e-n-accordion-item-title-header'><div class=\"e-n-accordion-item-title-text\"> Who was Kvasir <\/div><\/span>\n\t\t\t\t\t\t\t<span class='e-n-accordion-item-title-icon'>\n\t\t\t<span class='e-opened' ><i aria-hidden=\"true\" class=\"icon icon-up-arrow1\"><\/i><\/span>\n\t\t\t<span class='e-closed'><i aria-hidden=\"true\" class=\"jki jki-down-arrow1-light\"><\/i><\/span>\n\t\t<\/span>\n\n\t\t\t\t\t\t<\/summary>\n\t\t\t\t<div role=\"region\" aria-labelledby=\"e-n-accordion-item-5980\" class=\"elementor-element elementor-element-a0be5cf e-con-full e-flex e-con e-child\" data-id=\"a0be5cf\" data-element_type=\"container\" data-e-type=\"container\">\n\t\t\t\t<div class=\"elementor-element elementor-element-8743dd8 elementor-widget elementor-widget-text-editor\" data-id=\"8743dd8\" data-element_type=\"widget\" data-e-type=\"widget\" data-widget_type=\"text-editor.default\">\n\t\t\t\t\t\t\t\t\t<p>Kvasir er gagnasafn sem inniheldur leikritasafn B\u00cdL auk uppl\u00fdsinga um uppsetningar \u00e1 leikritum, leikf\u00e9l\u00f6g, s\u00fdningarsta\u00f0i og \u00fe\u00e1 sem koma a\u00f0 hverri uppsetningu s.s. leiksk\u00e1ld, \u00fe\u00fd\u00f0endur, leikstj\u00f3ra, leikara, h\u00f6nnu\u00f0i, t\u00e6knif\u00f3lk o.fl. H\u00e6gt er a\u00f0 leita \u00ed Kvasi og flokka og s\u00eda ni\u00f0urst\u00f6\u00f0ur.<\/p>\t\t\t\t\t\t\t\t<\/div>\n\t\t\t\t<\/div>\n\t\t\t\t\t<\/details>\n\t\t\t\t\t<\/div>\n\t\t\t\t\t\t<\/div>\n\t\t\t\t<\/div>\n\t\t\t\t\t<\/div>\n\t\t\t\t<\/div>\n\t\t<div class=\"elementor-element elementor-element-1839b00 e-flex e-con-boxed e-con e-parent\" data-id=\"1839b00\" data-element_type=\"container\" data-e-type=\"container\" data-settings=\"{&quot;background_background&quot;:&quot;classic&quot;}\">\n\t\t\t\t\t<div class=\"e-con-inner\">\n\t\t\t\t<div class=\"elementor-element elementor-element-76e739b elementor-widget elementor-widget-shortcode\" data-id=\"76e739b\" data-element_type=\"widget\" data-e-type=\"widget\" data-widget_type=\"shortcode.default\">\n\t\t\t\t\t\t\t<div class=\"elementor-shortcode\"><div id=\"lksf-app\" class=\"lksf-app\"><\/div><\/div>\n\t\t\t\t\t\t<\/div>\n\t\t\t\t\t<\/div>\n\t\t\t\t<\/div>\n\t\t\t\t<\/div>","protected":false},"excerpt":{"rendered":"<p>Leikritasafn B\u00cdL Kvasir er gagnasafn sem inniheldur leikritasafn B\u00cdL auk uppl\u00fdsinga um uppsetningar \u00e1 leikritum, leikf\u00e9l\u00f6g, s\u00fdningarsta\u00f0i og \u00fe\u00e1 sem koma a\u00f0 hverri uppsetningu s.s. leiksk\u00e1ld, \u00fe\u00fd\u00f0endur, leikstj\u00f3ra, leikara, h\u00f6nnu\u00f0i, t\u00e6knif\u00f3lk o.fl. H\u00e6gt er a\u00f0 leita \u00ed Kvasi og flokka og s\u00eda ni\u00f0urst\u00f6\u00f0ur. Who was Kvasir Kvasir er gagnasafn sem inniheldur leikritasafn B\u00cdL auk uppl\u00fdsinga [&hellip;]<\/p>\n","protected":false},"author":85,"featured_media":0,"parent":0,"menu_order":0,"comment_status":"closed","ping_status":"closed","template":"","meta":{"footnotes":""},"class_list":["post-42990","page","type-page","status-publish","hentry"],"_links":{"self":[{"href":"https:\/\/bil.webdev.is\/en\/wp-json\/wp\/v2\/pages\/42990","targetHints":{"allow":["GET"]}}],"collection":[{"href":"https:\/\/bil.webdev.is\/en\/wp-json\/wp\/v2\/pages"}],"about":[{"href":"https:\/\/bil.webdev.is\/en\/wp-json\/wp\/v2\/types\/page"}],"author":[{"embeddable":true,"href":"https:\/\/bil.webdev.is\/en\/wp-json\/wp\/v2\/users\/85"}],"replies":[{"embeddable":true,"href":"https:\/\/bil.webdev.is\/en\/wp-json\/wp\/v2\/comments?post=42990"}],"version-history":[{"count":13,"href":"https:\/\/bil.webdev.is\/en\/wp-json\/wp\/v2\/pages\/42990\/revisions"}],"predecessor-version":[{"id":43008,"href":"https:\/\/bil.webdev.is\/en\/wp-json\/wp\/v2\/pages\/42990\/revisions\/43008"}],"wp:attachment":[{"href":"https:\/\/bil.webdev.is\/en\/wp-json\/wp\/v2\/media?parent=42990"}],"curies":[{"name":"wp","href":"https:\/\/api.w.org\/{rel}","templated":true}]}}