{"id":34701,"date":"2020-08-27T10:46:55","date_gmt":"2020-08-27T10:46:55","guid":{"rendered":"https:\/\/leiklist.is\/?post_type=product&#038;p=34701"},"modified":"2026-04-27T10:54:48","modified_gmt":"2026-04-27T10:54:48","slug":"zombie-kit","status":"publish","type":"product","link":"https:\/\/bil.webdev.is\/en\/product\/zombie-kit\/","title":{"rendered":"Zombie kit"},"content":{"rendered":"<p>Zombie kit fr\u00e1 Kryolan inniheldur allt sem \u00fearf til a\u00f0 breyta lifandi manneskju \u00ed hinn hro\u00f0alegasta zombie:<\/p>\n<ul>\n<li>Fresh Scratch 15 ml<\/li>\n<li>Cine-Wax 10 g<\/li>\n<li>1 Spatula<\/li>\n<li>Make-up Bag<\/li>\n<li>F\/X Blood 50 ml<\/li>\n<li>Liquid Latex 30 ml<\/li>\n<li>Tooth Enamel<\/li>\n<li>Translucent Powder 20 g<\/li>\n<li>Spirit Gum 12 ml<\/li>\n<li>Cream Color Circle<\/li>\n<li>Powder Puff<\/li>\n<li>1 Make-up Sponge<\/li>\n<\/ul>\n<p>Um v\u00f6runa:<\/p>\n<p><iframe src=\"https:\/\/www.youtube.com\/embed\/Cb7qmzDbPqw\" width=\"560\" height=\"315\" frameborder=\"0\" allowfullscreen=\"allowfullscreen\"><\/iframe><\/p>","protected":false},"excerpt":{"rendered":"<p>Allt sem \u00fe\u00fa \u00fearft til a\u00f0 breyta \u00fe\u00e9r \u00ed Zombie.<\/p>","protected":false},"featured_media":34702,"template":"","meta":[],"product_brand":[],"product_cat":[69,124,243,82],"product_tag":[262],"class_list":{"0":"post-34701","1":"product","2":"type-product","3":"status-publish","4":"has-post-thumbnail","6":"product_cat-andlitslikamslitir","7":"product_cat-latex-vax-gervagerd","8":"product_cat-sfx","9":"product_cat-ymislegt","10":"product_tag-kryolan-halloween-hrekkjavaka-cosplay","12":"first","13":"instock","14":"taxable","15":"shipping-taxable","16":"purchasable","17":"product-type-simple"},"_links":{"self":[{"href":"https:\/\/bil.webdev.is\/en\/wp-json\/wp\/v2\/product\/34701","targetHints":{"allow":["GET"]}}],"collection":[{"href":"https:\/\/bil.webdev.is\/en\/wp-json\/wp\/v2\/product"}],"about":[{"href":"https:\/\/bil.webdev.is\/en\/wp-json\/wp\/v2\/types\/product"}],"wp:featuredmedia":[{"embeddable":true,"href":"https:\/\/bil.webdev.is\/en\/wp-json\/wp\/v2\/media\/34702"}],"wp:attachment":[{"href":"https:\/\/bil.webdev.is\/en\/wp-json\/wp\/v2\/media?parent=34701"}],"wp:term":[{"taxonomy":"product_brand","embeddable":true,"href":"https:\/\/bil.webdev.is\/en\/wp-json\/wp\/v2\/product_brand?post=34701"},{"taxonomy":"product_cat","embeddable":true,"href":"https:\/\/bil.webdev.is\/en\/wp-json\/wp\/v2\/product_cat?post=34701"},{"taxonomy":"product_tag","embeddable":true,"href":"https:\/\/bil.webdev.is\/en\/wp-json\/wp\/v2\/product_tag?post=34701"}],"curies":[{"name":"wp","href":"https:\/\/api.w.org\/{rel}","templated":true}]}}