{"id":35228,"date":"2020-12-02T11:03:49","date_gmt":"2020-12-02T11:03:49","guid":{"rendered":"https:\/\/leiklist.is\/?post_type=product&#038;p=35228"},"modified":"2025-11-23T20:53:59","modified_gmt":"2025-11-23T20:53:59","slug":"grimur","status":"publish","type":"product","link":"https:\/\/bil.webdev.is\/en\/product\/grimur\/","title":{"rendered":"Gr\u00edmur &#8211; einlitar"},"content":{"rendered":"<p>Klass\u00edskar gr\u00edmuballsgr\u00edmur. F\u00e1anlegar \u00ed \u00fdmsum ger\u00f0um og litum.<\/p>","protected":false},"excerpt":{"rendered":"<p>Klass\u00edskar gr\u00edmuballsgr\u00edmur. F\u00e1anlegar \u00ed \u00fdmsum ger\u00f0um og litum.<\/p>","protected":false},"featured_media":35235,"template":"","meta":[],"product_brand":[],"product_cat":[134,82],"product_tag":[265,263,259],"class_list":{"0":"post-35228","1":"product","2":"type-product","3":"status-publish","4":"has-post-thumbnail","6":"product_cat-augu","7":"product_cat-ymislegt","8":"product_tag-grima","9":"product_tag-grimas-halloween-hrekkjavaka","10":"product_tag-grimuball","12":"first","13":"instock","14":"taxable","15":"shipping-taxable","16":"purchasable","17":"product-type-variable"},"_links":{"self":[{"href":"https:\/\/bil.webdev.is\/en\/wp-json\/wp\/v2\/product\/35228","targetHints":{"allow":["GET"]}}],"collection":[{"href":"https:\/\/bil.webdev.is\/en\/wp-json\/wp\/v2\/product"}],"about":[{"href":"https:\/\/bil.webdev.is\/en\/wp-json\/wp\/v2\/types\/product"}],"wp:featuredmedia":[{"embeddable":true,"href":"https:\/\/bil.webdev.is\/en\/wp-json\/wp\/v2\/media\/35235"}],"wp:attachment":[{"href":"https:\/\/bil.webdev.is\/en\/wp-json\/wp\/v2\/media?parent=35228"}],"wp:term":[{"taxonomy":"product_brand","embeddable":true,"href":"https:\/\/bil.webdev.is\/en\/wp-json\/wp\/v2\/product_brand?post=35228"},{"taxonomy":"product_cat","embeddable":true,"href":"https:\/\/bil.webdev.is\/en\/wp-json\/wp\/v2\/product_cat?post=35228"},{"taxonomy":"product_tag","embeddable":true,"href":"https:\/\/bil.webdev.is\/en\/wp-json\/wp\/v2\/product_tag?post=35228"}],"curies":[{"name":"wp","href":"https:\/\/api.w.org\/{rel}","templated":true}]}}